{"id":3056,"date":"2021-03-10T22:29:32","date_gmt":"2021-03-10T21:29:32","guid":{"rendered":"http:\/\/www.webradioscout.org\/wp\/?page_id=3056"},"modified":"2025-03-24T21:19:02","modified_gmt":"2025-03-24T20:19:02","slug":"chi-siamo","status":"publish","type":"page","link":"https:\/\/www.webradioscout.org\/wp\/chi-siamo\/","title":{"rendered":"Chi siamo"},"content":{"rendered":"\n<p class=\"has-text-align-left\">Quando scout e tecnologia si uniscono ecco cosa nasce: \u201cVita scout\u201d, un sito ricco di utilit\u00e0 riguardanti lo Scautismo. <\/p>\n\n\n\n<p class=\"has-text-align-left\">Le aspettative su questo progetto non ci avevano portato di certo a pensare ad un tale successo, tanto da dover ampliare il portale fondando \u201cScoutweb\u201d. Navigando qua e la ci siamo accorti che sia \u201cVitascout\u201d sia \u201cScoutweb\u201d, sebbene con il nostro stile, offrivano servizi gi\u00e0 esistenti sul web. <\/p>\n\n\n\n<p class=\"has-text-align-left\">Cos\u00ec ci siamo chiesti: perch\u00e9 non fare di pi\u00f9?!  Abbiamo seguito il consiglio del nostro buon caro maestro di vita BP: \u201c\u2026guardate lontano, e anche quando credete di star guardando lontano, guardate ancora pi\u00f9 lontano!\u201d. <\/p>\n\n\n\n<p class=\"has-text-align-left\">Eravamo alla ricerca di qualcosa di innovativo di originale\u2026abbiamo guardato ancora pi\u00f9 lontano e abbiamo intravisto un\u2019idea meravigliosa: \u201cWebRadioScout\u201d, la prima, l&#8217;unica radio tutta per noi scout! Un\u2019idea brillante che grazie al duro lavoro e ai tanti sacrifici dello staff \u00e8 diventata realt\u00e0! <\/p>\n\n\n\n<p class=\"has-text-align-left\">Eccovi allora la nostra &#8220;<a href=\"http:\/\/www.webradioscout.org\/wp\/wp-content\/uploads\/2024\/06\/La Mission di WRS new.pdf\" target=\"_blank\" rel=\"noreferrer noopener\">Mission<\/a>&#8221; che pi\u00f9 di ogni altra cosa vi racconta di noi.<\/p>\n\n\n\n<h2 class=\"wp-block-heading\">Dicono di noi<\/h2>\n\n\n\n<ul class=\"wp-block-list\">\n<li><a href=\"https:\/\/www.webradioscout.org\/wp\/wp-content\/uploads\/2021\/03\/Laboratorio_alla_Route_Nazionale_LAB-B-5-2302.pdf\" target=\"_blank\" rel=\"noreferrer noopener\">Laboratorio alla Route Nazionale Route Nazionale di Branca R\/S Agesci 1994 LAB-B-5-2302<\/a><\/li>\n\n\n\n<li><a href=\"https:\/\/www.webradioscout.org\/wp\/wp-content\/uploads\/2021\/03\/Lettera_laboratori_animatori_interni_Route_Nazionale.pdf\" target=\"_blank\" rel=\"noreferrer noopener\">Lettera laboratori animatori interni &#8211; Route Nazionale di Branca R\/S Agesci 1994<\/a><\/li>\n\n\n\n<li><a href=\"http:\/\/www.webradioscout.org\/wp\/wp-content\/uploads\/2021\/03\/Lettera_del-Masci_per_Paolo_e_Caterina.pdf\" data-type=\"URL\" data-id=\"http:\/\/www.webradioscout.org\/wp\/wp-content\/uploads\/2021\/03\/Lettera_del-Masci_per_Paolo_e_Caterina.pdf\" target=\"_blank\" rel=\"noreferrer noopener\">Lettera del Masci per Paolo e Caterina<\/a><\/li>\n\n\n\n<li><a href=\"http:\/\/www.webradioscout.org\/wp\/wp-content\/uploads\/2021\/03\/Strade_Aperte_ringrazia_WebRadioScout_per_il_60_del_Masci.pdf\" data-type=\"URL\" data-id=\"http:\/\/www.webradioscout.org\/wp\/wp-content\/uploads\/2021\/03\/Strade_Aperte_ringrazia_WebRadioScout_per_il_60_del_Masci.pdf\" target=\"_blank\" rel=\"noreferrer noopener\">Strade Aperte (Rivista del Masci) ringrazia WebRadioScout per la registrazione integrale delle Tavole Rotonde in occasione del 60\u00b0 del Masci<\/a><\/li>\n<\/ul>\n\n\n<div class=\"wp-block-image\">\n<figure class=\"aligncenter size-large\"><img loading=\"lazy\" decoding=\"async\" width=\"200\" height=\"223\" src=\"http:\/\/www.webradioscout.org\/wp\/wp-content\/uploads\/2021\/03\/mascotte.png\" alt=\"\" class=\"wp-image-3057\" srcset=\"https:\/\/www.webradioscout.org\/wp\/wp-content\/uploads\/2021\/03\/mascotte.png 200w, https:\/\/www.webradioscout.org\/wp\/wp-content\/uploads\/2021\/03\/mascotte-179x200.png 179w\" sizes=\"auto, (max-width: 200px) 100vw, 200px\" \/><\/figure>\n<\/div>\n\n\n<p><\/p>\n\n\n\n<p><\/p>\n\n\n\n<p><\/p>\n","protected":false},"excerpt":{"rendered":"<p>Quando scout e tecnologia si uniscono ecco cosa nasce: \u201cVita scout\u201d, un sito ricco di utilit\u00e0 riguardanti lo Scautismo. Le aspettative su questo progetto non ci avevano portato di certo a pensare ad un tale successo, tanto da dover ampliare il portale fondando \u201cScoutweb\u201d. Navigando qua e la ci siamo &hellip;<\/p>\n","protected":false},"author":3,"featured_media":0,"parent":0,"menu_order":0,"comment_status":"closed","ping_status":"closed","template":"","meta":{"ngg_post_thumbnail":0,"footnotes":""},"class_list":["post-3056","page","type-page","status-publish","hentry"],"_links":{"self":[{"href":"https:\/\/www.webradioscout.org\/wp\/wp-json\/wp\/v2\/pages\/3056","targetHints":{"allow":["GET"]}}],"collection":[{"href":"https:\/\/www.webradioscout.org\/wp\/wp-json\/wp\/v2\/pages"}],"about":[{"href":"https:\/\/www.webradioscout.org\/wp\/wp-json\/wp\/v2\/types\/page"}],"author":[{"embeddable":true,"href":"https:\/\/www.webradioscout.org\/wp\/wp-json\/wp\/v2\/users\/3"}],"replies":[{"embeddable":true,"href":"https:\/\/www.webradioscout.org\/wp\/wp-json\/wp\/v2\/comments?post=3056"}],"version-history":[{"count":14,"href":"https:\/\/www.webradioscout.org\/wp\/wp-json\/wp\/v2\/pages\/3056\/revisions"}],"predecessor-version":[{"id":10771,"href":"https:\/\/www.webradioscout.org\/wp\/wp-json\/wp\/v2\/pages\/3056\/revisions\/10771"}],"wp:attachment":[{"href":"https:\/\/www.webradioscout.org\/wp\/wp-json\/wp\/v2\/media?parent=3056"}],"curies":[{"name":"wp","href":"https:\/\/api.w.org\/{rel}","templated":true}]}}